{"id":1519,"date":"2020-02-09T15:11:04","date_gmt":"2020-02-09T15:11:04","guid":{"rendered":"https:\/\/www.quintadesantana.com\/terms-of-service-privacy-policy\/"},"modified":"2023-01-17T15:42:44","modified_gmt":"2023-01-17T15:42:44","slug":"politica-de-privacidade","status":"publish","type":"page","link":"https:\/\/www.quintadesantana.com\/pt-pt\/politica-de-privacidade\/","title":{"rendered":"Pol\u00edtica de privacidade"},"content":{"rendered":"<p><strong>1. Respons\u00e1vel pelo tratamento de dados:<\/strong><br \/>\nEsta pol\u00edtica de privacidade \u00e9 aplic\u00e1vel a todos os utilizadores do seguinte website: www.quintasantana.com.<br \/>\nA organiza\u00e7\u00e3o QUINTA DE SANT\u2019ANA DO GRADIL, ATIVIDADES TUR\u00cdSTICAS, com sede social em Rua Direita, 3, 2665-113 Gradil, com n\u00famero de identifica\u00e7\u00e3o fiscal 502995572, ser\u00e1 respons\u00e1vel pelo tratamento dos dados pessoais do utilizador.<br \/>\nNesta Pol\u00edtica de Privacidade est\u00e3o descritas todas as informa\u00e7\u00f5es sobre a natureza dos dados recolhidos e finalidades do seu tratamento.<\/p>\n<p><strong>2. Defini\u00e7\u00e3o de termos:<\/strong><\/p>\n<p>Utilizador: Pessoa singular que navega em qualquer uma das p\u00e1ginas online pertencentes ao website www.quintasantana.com.<br \/>\nDados pessoais: qualquer informa\u00e7\u00e3o fornecida no website pelo utilizador, tais como: nome, n\u00famero de identifica\u00e7\u00e3o fiscal, morada, email, n\u00famero de telem\u00f3vel ou outros.<br \/>\nDados de utilizador diferentes: quando o utilizador nos fornece dados pessoais pertencentes a outra pessoa, \u00e9 respons\u00e1vel por tais atos, bem como pela obten\u00e7\u00e3o do respetivo consentimento das referidas pessoas para o fornecimento dos seus dados.<br \/>\nRespons\u00e1vel pelo tratamento de dados: QUINTA DE SANT\u2019ANA DO GRADIL, ATIVIDADES TUR\u00cdSTICAS ser\u00e1 respons\u00e1vel pelo tratamento dos dados pessoais.<br \/>\nTratamento de dados pessoais: todas as opera\u00e7\u00f5es efetuadas relativamente aos dados pessoais submetidos pelo utilizador.<\/p>\n<p><strong>3. Tratamento de dados:<\/strong><\/p>\n<p>A organiza\u00e7\u00e3o QUINTA DE SANT\u2019ANA DO GRADIL, ATIVIDADES TUR\u00cdSTICAS assegura que os dados pessoais do utilizador s\u00e3o:<br \/>\nA) Recolhidos para as finalidades determinadas e consentidas pelo utilizador e n\u00e3o ser\u00e3o tratados posteriormente para outros objetivos, garantido a seguran\u00e7a e<br \/>\nprote\u00e7\u00e3o de dados submetidos;<br \/>\nB) Conservados de forma a permitir a identifica\u00e7\u00e3o do utilizador e apenas durante o per\u00edodo para qual os dados pessoais foram submetidos. Uma vez terminada a gest\u00e3o, os seus dados ser\u00e3o guardados durante seis meses. Se consentir em receber informa\u00e7\u00f5es de marketing e\/ou comerciais, os seus dados ser\u00e3o armazenados at\u00e9 que revogue o seu consentimento.<br \/>\nC) N\u00e3o transferiremos dados pessoais para um pa\u00eds terceiro fora do EEE (Espa\u00e7o Econ\u00f3mico Europeu).<\/p>\n<p><strong><br \/>\n4. Finalidades do tratamento de dados:<br \/>\n<\/strong><br \/>\n1. Registo de utilizador e gest\u00e3o de conta: acesso a conta reservada para altera\u00e7\u00f5es de dados pessoais e seguimento de encomendas.<br \/>\n2. Cumprimento e execu\u00e7\u00e3o de compras: compras de produtos, alojamento, experi\u00eancias, e outros.<br \/>\n3. Marketing: envio de newsletters de cariz promocional e institucional.<br \/>\n4. Apoio ao cliente: gest\u00e3o e resolu\u00e7\u00e3o de problemas atrav\u00e9s dos formul\u00e1rios de contato.<\/p>\n<p><strong>5. Comunica\u00e7\u00e3o de dados pessoais<br \/>\n<\/strong><br \/>\nOs dados pessoais do utilizador n\u00e3o s\u00e3o partilhados com terceiros, \u00e0 exce\u00e7\u00e3o de comunica\u00e7\u00f5es obrigat\u00f3rias por lei; contato com fornecedores que prestem servi\u00e7os para a finalidade requerida pelo utilizador; presta\u00e7\u00e3o de servi\u00e7os e produtos da QUINTA DE SANT\u2019ANA DO GRADIL, ATIVIDADES TUR\u00cdSTICAS<\/p>\n<p><strong><br \/>\n6. Subcontratantes<br \/>\n<\/strong><br \/>\nContrat\u00e1mos o nosso parceiro RoomRaccoonB.V. (www.roomraccoon.pt) para gerir o motor de reservas do nosso neg\u00f3cio. A RoomRaccoon atua sob a nossa autoridade e celebr\u00e1mos um contrato com a RoomRaccoon para a presta\u00e7\u00e3o dos seus servi\u00e7os. Instru\u00edmos a RoomRaccoon por escrito sobre a forma como o processamento deve ser levado a cabo e sobre a nossa pol\u00edtica de privacidade.<\/p>\n<p><strong>7. Direitos<br \/>\n<\/strong><br \/>\nOs titulares dos dados podem exercer os seus direitos de acesso, retifica\u00e7\u00e3o, cancelamento, limita\u00e7\u00e3o ao tratamento, portabilidade e oposi\u00e7\u00e3o enviando um e-mail ou atrav\u00e9s do servi\u00e7o postal para os dados de contacto no nosso website de reservas e nas nossas faturas.<\/p>\n<p><strong>8. Altera\u00e7\u00f5es \u00e0 pol\u00edtica de privacidade<\/strong><\/p>\n<p>A QUINTA DE SANT\u2019ANA DO GRADIL, ATIVIDADES TUR\u00cdSTICAS reserva-se o direito de alterar a presente Pol\u00edtica de Privacidade, atualizando a data presente no documento.<\/p>\n<p><strong>9. Lei e foro aplic\u00e1veis<br \/>\n<\/strong><br \/>\nSe o titular dos dados considerar os seus direitos afetados, pode tamb\u00e9m recorrer \u00e0 autoridade de controlo competente do Estado-Membro em causa. Mais informa\u00e7\u00f5es em: https:\/\/ec.europa.eu\/info\/law\/law-topic\/data-protection\/data-protection-eu_pt<\/p>\n<p>&nbsp;<\/p>\n<p>Revisto e publicado a 17.01.2023<\/p>\n","protected":false},"excerpt":{"rendered":"<p>1. Respons\u00e1vel pelo tratamento de dados: Esta pol\u00edtica de privacidade \u00e9 aplic\u00e1vel a todos os utilizadores do seguinte website: www.quintasantana.com. A organiza\u00e7\u00e3o QUINTA DE SANT\u2019ANA DO GRADIL, ATIVIDADES TUR\u00cdSTICAS, com sede social em Rua Direita, 3, 2665-113 Gradil, com n\u00famero de identifica\u00e7\u00e3o fiscal 502995572, ser\u00e1 respons\u00e1vel pelo tratamento dos dados pessoais do utilizador. Nesta Pol\u00edtica [&hellip;]<\/p>\n","protected":false},"author":1,"featured_media":0,"parent":0,"menu_order":0,"comment_status":"closed","ping_status":"closed","template":"templates\/page-text.php","meta":{"_acf_changed":false,"footnotes":""},"class_list":["post-1519","page","type-page","status-publish","hentry"],"acf":[],"yoast_head":"<!-- This site is optimized with the Yoast SEO plugin v27.4 - https:\/\/yoast.com\/product\/yoast-seo-wordpress\/ -->\n<title>Pol\u00edtica de privacidade | Quinta de Sant&#039;Ana - Mafra<\/title>\n<meta name=\"description\" content=\"A sua privacidade \u00e9 importante para n\u00f3s, por isso cri\u00e1mos esta p\u00e1gina onde pode encontrar os termos dos servi\u00e7os e pol\u00edtica de privacidade, Quinta de Sant&#039;Ana.\" \/>\n<meta name=\"robots\" content=\"noindex, follow\" \/>\n<meta property=\"og:locale\" content=\"pt_PT\" \/>\n<meta property=\"og:type\" content=\"article\" \/>\n<meta property=\"og:title\" content=\"Pol\u00edtica de privacidade | Quinta de Sant&#039;Ana - Mafra\" \/>\n<meta property=\"og:description\" content=\"A sua privacidade \u00e9 importante para n\u00f3s, por isso cri\u00e1mos esta p\u00e1gina onde pode encontrar os termos dos servi\u00e7os e pol\u00edtica de privacidade, Quinta de Sant&#039;Ana.\" \/>\n<meta property=\"og:url\" content=\"https:\/\/www.quintadesantana.com\/pt-pt\/politica-de-privacidade\/\" \/>\n<meta property=\"og:site_name\" content=\"Quinta de Sant&#039;Ana\" \/>\n<meta property=\"article:modified_time\" content=\"2023-01-17T15:42:44+00:00\" \/>\n<meta name=\"twitter:card\" content=\"summary_large_image\" \/>\n<meta name=\"twitter:label1\" content=\"Est. reading time\" \/>\n\t<meta name=\"twitter:data1\" content=\"3 minutes\" \/>\n<script type=\"application\/ld+json\" class=\"yoast-schema-graph\">{\"@context\":\"https:\\\/\\\/schema.org\",\"@graph\":[{\"@type\":\"WebPage\",\"@id\":\"https:\\\/\\\/www.quintadesantana.com\\\/pt-pt\\\/politica-de-privacidade\\\/\",\"url\":\"https:\\\/\\\/www.quintadesantana.com\\\/pt-pt\\\/politica-de-privacidade\\\/\",\"name\":\"Pol\u00edtica de privacidade | Quinta de Sant'Ana - Mafra\",\"isPartOf\":{\"@id\":\"https:\\\/\\\/www.quintadesantana.com\\\/pt-pt\\\/#website\"},\"datePublished\":\"2020-02-09T15:11:04+00:00\",\"dateModified\":\"2023-01-17T15:42:44+00:00\",\"description\":\"A sua privacidade \u00e9 importante para n\u00f3s, por isso cri\u00e1mos esta p\u00e1gina onde pode encontrar os termos dos servi\u00e7os e pol\u00edtica de privacidade, Quinta de Sant'Ana.\",\"breadcrumb\":{\"@id\":\"https:\\\/\\\/www.quintadesantana.com\\\/pt-pt\\\/politica-de-privacidade\\\/#breadcrumb\"},\"inLanguage\":\"pt-PT\",\"potentialAction\":[{\"@type\":\"ReadAction\",\"target\":[\"https:\\\/\\\/www.quintadesantana.com\\\/pt-pt\\\/politica-de-privacidade\\\/\"]}]},{\"@type\":\"BreadcrumbList\",\"@id\":\"https:\\\/\\\/www.quintadesantana.com\\\/pt-pt\\\/politica-de-privacidade\\\/#breadcrumb\",\"itemListElement\":[{\"@type\":\"ListItem\",\"position\":1,\"name\":\"Home\",\"item\":\"https:\\\/\\\/www.quintadesantana.com\\\/pt-pt\\\/\"},{\"@type\":\"ListItem\",\"position\":2,\"name\":\"Pol\u00edtica de privacidade\"}]},{\"@type\":\"WebSite\",\"@id\":\"https:\\\/\\\/www.quintadesantana.com\\\/pt-pt\\\/#website\",\"url\":\"https:\\\/\\\/www.quintadesantana.com\\\/pt-pt\\\/\",\"name\":\"Quinta de Sant&#039;Ana\",\"description\":\"An idyllic working farm in Portugal\",\"potentialAction\":[{\"@type\":\"SearchAction\",\"target\":{\"@type\":\"EntryPoint\",\"urlTemplate\":\"https:\\\/\\\/www.quintadesantana.com\\\/pt-pt\\\/?s={search_term_string}\"},\"query-input\":{\"@type\":\"PropertyValueSpecification\",\"valueRequired\":true,\"valueName\":\"search_term_string\"}}],\"inLanguage\":\"pt-PT\"}]}<\/script>\n<!-- \/ Yoast SEO plugin. -->","yoast_head_json":{"title":"Pol\u00edtica de privacidade | Quinta de Sant'Ana - Mafra","description":"A sua privacidade \u00e9 importante para n\u00f3s, por isso cri\u00e1mos esta p\u00e1gina onde pode encontrar os termos dos servi\u00e7os e pol\u00edtica de privacidade, Quinta de Sant'Ana.","robots":{"index":"noindex","follow":"follow"},"og_locale":"pt_PT","og_type":"article","og_title":"Pol\u00edtica de privacidade | Quinta de Sant'Ana - Mafra","og_description":"A sua privacidade \u00e9 importante para n\u00f3s, por isso cri\u00e1mos esta p\u00e1gina onde pode encontrar os termos dos servi\u00e7os e pol\u00edtica de privacidade, Quinta de Sant'Ana.","og_url":"https:\/\/www.quintadesantana.com\/pt-pt\/politica-de-privacidade\/","og_site_name":"Quinta de Sant&#039;Ana","article_modified_time":"2023-01-17T15:42:44+00:00","twitter_card":"summary_large_image","twitter_misc":{"Est. reading time":"3 minutes"},"schema":{"@context":"https:\/\/schema.org","@graph":[{"@type":"WebPage","@id":"https:\/\/www.quintadesantana.com\/pt-pt\/politica-de-privacidade\/","url":"https:\/\/www.quintadesantana.com\/pt-pt\/politica-de-privacidade\/","name":"Pol\u00edtica de privacidade | Quinta de Sant'Ana - Mafra","isPartOf":{"@id":"https:\/\/www.quintadesantana.com\/pt-pt\/#website"},"datePublished":"2020-02-09T15:11:04+00:00","dateModified":"2023-01-17T15:42:44+00:00","description":"A sua privacidade \u00e9 importante para n\u00f3s, por isso cri\u00e1mos esta p\u00e1gina onde pode encontrar os termos dos servi\u00e7os e pol\u00edtica de privacidade, Quinta de Sant'Ana.","breadcrumb":{"@id":"https:\/\/www.quintadesantana.com\/pt-pt\/politica-de-privacidade\/#breadcrumb"},"inLanguage":"pt-PT","potentialAction":[{"@type":"ReadAction","target":["https:\/\/www.quintadesantana.com\/pt-pt\/politica-de-privacidade\/"]}]},{"@type":"BreadcrumbList","@id":"https:\/\/www.quintadesantana.com\/pt-pt\/politica-de-privacidade\/#breadcrumb","itemListElement":[{"@type":"ListItem","position":1,"name":"Home","item":"https:\/\/www.quintadesantana.com\/pt-pt\/"},{"@type":"ListItem","position":2,"name":"Pol\u00edtica de privacidade"}]},{"@type":"WebSite","@id":"https:\/\/www.quintadesantana.com\/pt-pt\/#website","url":"https:\/\/www.quintadesantana.com\/pt-pt\/","name":"Quinta de Sant&#039;Ana","description":"An idyllic working farm in Portugal","potentialAction":[{"@type":"SearchAction","target":{"@type":"EntryPoint","urlTemplate":"https:\/\/www.quintadesantana.com\/pt-pt\/?s={search_term_string}"},"query-input":{"@type":"PropertyValueSpecification","valueRequired":true,"valueName":"search_term_string"}}],"inLanguage":"pt-PT"}]}},"_links":{"self":[{"href":"https:\/\/www.quintadesantana.com\/pt-pt\/wp-json\/wp\/v2\/pages\/1519","targetHints":{"allow":["GET"]}}],"collection":[{"href":"https:\/\/www.quintadesantana.com\/pt-pt\/wp-json\/wp\/v2\/pages"}],"about":[{"href":"https:\/\/www.quintadesantana.com\/pt-pt\/wp-json\/wp\/v2\/types\/page"}],"author":[{"embeddable":true,"href":"https:\/\/www.quintadesantana.com\/pt-pt\/wp-json\/wp\/v2\/users\/1"}],"replies":[{"embeddable":true,"href":"https:\/\/www.quintadesantana.com\/pt-pt\/wp-json\/wp\/v2\/comments?post=1519"}],"version-history":[{"count":5,"href":"https:\/\/www.quintadesantana.com\/pt-pt\/wp-json\/wp\/v2\/pages\/1519\/revisions"}],"predecessor-version":[{"id":17148,"href":"https:\/\/www.quintadesantana.com\/pt-pt\/wp-json\/wp\/v2\/pages\/1519\/revisions\/17148"}],"wp:attachment":[{"href":"https:\/\/www.quintadesantana.com\/pt-pt\/wp-json\/wp\/v2\/media?parent=1519"}],"curies":[{"name":"wp","href":"https:\/\/api.w.org\/{rel}","templated":true}]}}