{"id":1520,"date":"2020-01-30T17:20:15","date_gmt":"2020-01-30T17:20:15","guid":{"rendered":"https:\/\/www.quintadesantana.com\/vineyards-terroir\/"},"modified":"2021-02-15T17:21:51","modified_gmt":"2021-02-15T17:21:51","slug":"terreno","status":"publish","type":"page","link":"https:\/\/www.quintadesantana.com\/pt-pt\/vinhos-estremadura-lisboa\/terreno\/","title":{"rendered":"O Terreno"},"content":{"rendered":"","protected":false},"excerpt":{"rendered":"","protected":false},"author":1,"featured_media":0,"parent":1521,"menu_order":0,"comment_status":"closed","ping_status":"closed","template":"templates\/page-vineyards.php","meta":{"_acf_changed":false,"footnotes":""},"class_list":["post-1520","page","type-page","status-publish","hentry"],"acf":[],"yoast_head":"<!-- This site is optimized with the Yoast SEO plugin v27.4 - https:\/\/yoast.com\/product\/yoast-seo-wordpress\/ -->\n<title>O Solo e o Clima das Vinhas | Quinta de Sant&#039;Ana -Mafra<\/title>\n<meta name=\"description\" content=\"Os vinhos Quinta de Sant&#039;Ana s\u00e3o produzidos pelas vinhas, n\u00e3o pela adega. A solo e o clima que nos envolve, constituem o verdadeiro segredo da nossa produ\u00e7\u00e3o.\" \/>\n<meta name=\"robots\" content=\"index, follow, max-snippet:-1, max-image-preview:large, max-video-preview:-1\" \/>\n<link rel=\"canonical\" href=\"https:\/\/www.quintadesantana.com\/pt-pt\/vinhos-estremadura-lisboa\/terreno\/\" \/>\n<meta property=\"og:locale\" content=\"pt_PT\" \/>\n<meta property=\"og:type\" content=\"article\" \/>\n<meta property=\"og:title\" content=\"O Solo e o Clima das Vinhas | Quinta de Sant&#039;Ana -Mafra\" \/>\n<meta property=\"og:description\" content=\"Os vinhos Quinta de Sant&#039;Ana s\u00e3o produzidos pelas vinhas, n\u00e3o pela adega. A solo e o clima que nos envolve, constituem o verdadeiro segredo da nossa produ\u00e7\u00e3o.\" \/>\n<meta property=\"og:url\" content=\"https:\/\/www.quintadesantana.com\/pt-pt\/vinhos-estremadura-lisboa\/terreno\/\" \/>\n<meta property=\"og:site_name\" content=\"Quinta de Sant&#039;Ana\" \/>\n<meta property=\"article:modified_time\" content=\"2021-02-15T17:21:51+00:00\" \/>\n<meta name=\"twitter:card\" content=\"summary_large_image\" \/>\n<script type=\"application\/ld+json\" class=\"yoast-schema-graph\">{\"@context\":\"https:\\\/\\\/schema.org\",\"@graph\":[{\"@type\":\"WebPage\",\"@id\":\"https:\\\/\\\/www.quintadesantana.com\\\/pt-pt\\\/vinhos-estremadura-lisboa\\\/terreno\\\/\",\"url\":\"https:\\\/\\\/www.quintadesantana.com\\\/pt-pt\\\/vinhos-estremadura-lisboa\\\/terreno\\\/\",\"name\":\"O Solo e o Clima das Vinhas | Quinta de Sant'Ana -Mafra\",\"isPartOf\":{\"@id\":\"https:\\\/\\\/www.quintadesantana.com\\\/pt-pt\\\/#website\"},\"datePublished\":\"2020-01-30T17:20:15+00:00\",\"dateModified\":\"2021-02-15T17:21:51+00:00\",\"description\":\"Os vinhos Quinta de Sant'Ana s\u00e3o produzidos pelas vinhas, n\u00e3o pela adega. A solo e o clima que nos envolve, constituem o verdadeiro segredo da nossa produ\u00e7\u00e3o.\",\"breadcrumb\":{\"@id\":\"https:\\\/\\\/www.quintadesantana.com\\\/pt-pt\\\/vinhos-estremadura-lisboa\\\/terreno\\\/#breadcrumb\"},\"inLanguage\":\"pt-PT\",\"potentialAction\":[{\"@type\":\"ReadAction\",\"target\":[\"https:\\\/\\\/www.quintadesantana.com\\\/pt-pt\\\/vinhos-estremadura-lisboa\\\/terreno\\\/\"]}]},{\"@type\":\"BreadcrumbList\",\"@id\":\"https:\\\/\\\/www.quintadesantana.com\\\/pt-pt\\\/vinhos-estremadura-lisboa\\\/terreno\\\/#breadcrumb\",\"itemListElement\":[{\"@type\":\"ListItem\",\"position\":1,\"name\":\"Home\",\"item\":\"https:\\\/\\\/www.quintadesantana.com\\\/pt-pt\\\/\"},{\"@type\":\"ListItem\",\"position\":2,\"name\":\"Vinhos\",\"item\":\"https:\\\/\\\/www.quintadesantana.com\\\/pt-pt\\\/vinhos-estremadura-lisboa\\\/\"},{\"@type\":\"ListItem\",\"position\":3,\"name\":\"O Terreno\"}]},{\"@type\":\"WebSite\",\"@id\":\"https:\\\/\\\/www.quintadesantana.com\\\/pt-pt\\\/#website\",\"url\":\"https:\\\/\\\/www.quintadesantana.com\\\/pt-pt\\\/\",\"name\":\"Quinta de Sant&#039;Ana\",\"description\":\"An idyllic working farm in Portugal\",\"potentialAction\":[{\"@type\":\"SearchAction\",\"target\":{\"@type\":\"EntryPoint\",\"urlTemplate\":\"https:\\\/\\\/www.quintadesantana.com\\\/pt-pt\\\/?s={search_term_string}\"},\"query-input\":{\"@type\":\"PropertyValueSpecification\",\"valueRequired\":true,\"valueName\":\"search_term_string\"}}],\"inLanguage\":\"pt-PT\"}]}<\/script>\n<!-- \/ Yoast SEO plugin. -->","yoast_head_json":{"title":"O Solo e o Clima das Vinhas | Quinta de Sant'Ana -Mafra","description":"Os vinhos Quinta de Sant'Ana s\u00e3o produzidos pelas vinhas, n\u00e3o pela adega. A solo e o clima que nos envolve, constituem o verdadeiro segredo da nossa produ\u00e7\u00e3o.","robots":{"index":"index","follow":"follow","max-snippet":"max-snippet:-1","max-image-preview":"max-image-preview:large","max-video-preview":"max-video-preview:-1"},"canonical":"https:\/\/www.quintadesantana.com\/pt-pt\/vinhos-estremadura-lisboa\/terreno\/","og_locale":"pt_PT","og_type":"article","og_title":"O Solo e o Clima das Vinhas | Quinta de Sant'Ana -Mafra","og_description":"Os vinhos Quinta de Sant'Ana s\u00e3o produzidos pelas vinhas, n\u00e3o pela adega. A solo e o clima que nos envolve, constituem o verdadeiro segredo da nossa produ\u00e7\u00e3o.","og_url":"https:\/\/www.quintadesantana.com\/pt-pt\/vinhos-estremadura-lisboa\/terreno\/","og_site_name":"Quinta de Sant&#039;Ana","article_modified_time":"2021-02-15T17:21:51+00:00","twitter_card":"summary_large_image","schema":{"@context":"https:\/\/schema.org","@graph":[{"@type":"WebPage","@id":"https:\/\/www.quintadesantana.com\/pt-pt\/vinhos-estremadura-lisboa\/terreno\/","url":"https:\/\/www.quintadesantana.com\/pt-pt\/vinhos-estremadura-lisboa\/terreno\/","name":"O Solo e o Clima das Vinhas | Quinta de Sant'Ana -Mafra","isPartOf":{"@id":"https:\/\/www.quintadesantana.com\/pt-pt\/#website"},"datePublished":"2020-01-30T17:20:15+00:00","dateModified":"2021-02-15T17:21:51+00:00","description":"Os vinhos Quinta de Sant'Ana s\u00e3o produzidos pelas vinhas, n\u00e3o pela adega. A solo e o clima que nos envolve, constituem o verdadeiro segredo da nossa produ\u00e7\u00e3o.","breadcrumb":{"@id":"https:\/\/www.quintadesantana.com\/pt-pt\/vinhos-estremadura-lisboa\/terreno\/#breadcrumb"},"inLanguage":"pt-PT","potentialAction":[{"@type":"ReadAction","target":["https:\/\/www.quintadesantana.com\/pt-pt\/vinhos-estremadura-lisboa\/terreno\/"]}]},{"@type":"BreadcrumbList","@id":"https:\/\/www.quintadesantana.com\/pt-pt\/vinhos-estremadura-lisboa\/terreno\/#breadcrumb","itemListElement":[{"@type":"ListItem","position":1,"name":"Home","item":"https:\/\/www.quintadesantana.com\/pt-pt\/"},{"@type":"ListItem","position":2,"name":"Vinhos","item":"https:\/\/www.quintadesantana.com\/pt-pt\/vinhos-estremadura-lisboa\/"},{"@type":"ListItem","position":3,"name":"O Terreno"}]},{"@type":"WebSite","@id":"https:\/\/www.quintadesantana.com\/pt-pt\/#website","url":"https:\/\/www.quintadesantana.com\/pt-pt\/","name":"Quinta de Sant&#039;Ana","description":"An idyllic working farm in Portugal","potentialAction":[{"@type":"SearchAction","target":{"@type":"EntryPoint","urlTemplate":"https:\/\/www.quintadesantana.com\/pt-pt\/?s={search_term_string}"},"query-input":{"@type":"PropertyValueSpecification","valueRequired":true,"valueName":"search_term_string"}}],"inLanguage":"pt-PT"}]}},"_links":{"self":[{"href":"https:\/\/www.quintadesantana.com\/pt-pt\/wp-json\/wp\/v2\/pages\/1520","targetHints":{"allow":["GET"]}}],"collection":[{"href":"https:\/\/www.quintadesantana.com\/pt-pt\/wp-json\/wp\/v2\/pages"}],"about":[{"href":"https:\/\/www.quintadesantana.com\/pt-pt\/wp-json\/wp\/v2\/types\/page"}],"author":[{"embeddable":true,"href":"https:\/\/www.quintadesantana.com\/pt-pt\/wp-json\/wp\/v2\/users\/1"}],"replies":[{"embeddable":true,"href":"https:\/\/www.quintadesantana.com\/pt-pt\/wp-json\/wp\/v2\/comments?post=1520"}],"version-history":[{"count":5,"href":"https:\/\/www.quintadesantana.com\/pt-pt\/wp-json\/wp\/v2\/pages\/1520\/revisions"}],"predecessor-version":[{"id":4258,"href":"https:\/\/www.quintadesantana.com\/pt-pt\/wp-json\/wp\/v2\/pages\/1520\/revisions\/4258"}],"up":[{"embeddable":true,"href":"https:\/\/www.quintadesantana.com\/pt-pt\/wp-json\/wp\/v2\/pages\/1521"}],"wp:attachment":[{"href":"https:\/\/www.quintadesantana.com\/pt-pt\/wp-json\/wp\/v2\/media?parent=1520"}],"curies":[{"name":"wp","href":"https:\/\/api.w.org\/{rel}","templated":true}]}}